{"id":985,"date":"2024-10-09T13:07:09","date_gmt":"2024-10-09T12:07:09","guid":{"rendered":"https:\/\/www.anvil-alloys.com\/careers\/"},"modified":"2026-04-07T12:06:11","modified_gmt":"2026-04-07T11:06:11","slug":"careers","status":"publish","type":"page","link":"https:\/\/www.anvil-alloys.com\/es\/careers\/","title":{"rendered":"Careers"},"content":{"rendered":"","protected":false},"excerpt":{"rendered":"<p> [&#8230;]<\/p>\n<p><a class=\"btn btn-secondary understrap-read-more-link\" href=\"https:\/\/www.anvil-alloys.com\/es\/careers\/\">Read More&#8230;<span class=\"screen-reader-text\"> from Careers<\/span><\/a><\/p>\n","protected":false},"author":1,"featured_media":0,"parent":0,"menu_order":0,"comment_status":"closed","ping_status":"closed","template":"","meta":{"_acf_changed":false,"inline_featured_image":false,"footnotes":""},"class_list":["post-985","page","type-page","status-publish","hentry"],"acf":[],"yoast_head":"<!-- This site is optimized with the Yoast SEO plugin v27.2 - https:\/\/yoast.com\/product\/yoast-seo-wordpress\/ -->\n<title>Carreras | Trabajos Fabricantes Tubos Aluminio UK<\/title>\n<meta name=\"description\" content=\"\u00danase a Anvil Alloys LTD y crezca su carrera con un fabricante l\u00edder de aleaci\u00f3n de aluminio 5038 en UK. Vea nuestras \u00faltimas vacantes y postule.\" \/>\n<meta name=\"robots\" content=\"index, follow, max-snippet:-1, max-image-preview:large, max-video-preview:-1\" \/>\n<link rel=\"canonical\" href=\"https:\/\/www.anvil-alloys.com\/es\/careers\/\" \/>\n<meta property=\"og:locale\" content=\"es_ES\" \/>\n<meta property=\"og:type\" content=\"article\" \/>\n<meta property=\"og:title\" content=\"Carreras | Trabajos Fabricantes Tubos Aluminio UK\" \/>\n<meta property=\"og:description\" content=\"\u00danase a Anvil Alloys LTD y crezca su carrera con un fabricante l\u00edder de aleaci\u00f3n de aluminio 5038 en UK. Vea nuestras \u00faltimas vacantes y postule.\" \/>\n<meta property=\"og:url\" content=\"https:\/\/www.anvil-alloys.com\/es\/careers\/\" \/>\n<meta property=\"og:site_name\" content=\"Anvil Alloys Ltd\" \/>\n<meta property=\"article:modified_time\" content=\"2026-04-07T11:06:11+00:00\" \/>\n<meta property=\"og:image\" content=\"https:\/\/www.anvil-alloys.com\/wp-content\/uploads\/2024\/10\/Anvil-Alloys-share-image.jpg\" \/>\n\t<meta property=\"og:image:width\" content=\"1500\" \/>\n\t<meta property=\"og:image:height\" content=\"1045\" \/>\n\t<meta property=\"og:image:type\" content=\"image\/jpeg\" \/>\n<meta name=\"twitter:card\" content=\"summary_large_image\" \/>\n<script type=\"application\/ld+json\" class=\"yoast-schema-graph\">{\"@context\":\"https:\/\/schema.org\",\"@graph\":[{\"@type\":\"WebPage\",\"@id\":\"https:\/\/www.anvil-alloys.com\/es\/careers\/\",\"url\":\"https:\/\/www.anvil-alloys.com\/es\/careers\/\",\"name\":\"Carreras | Trabajos Fabricantes Tubos Aluminio UK\",\"isPartOf\":{\"@id\":\"https:\/\/www.anvil-alloys.com\/#website\"},\"datePublished\":\"2024-10-09T12:07:09+00:00\",\"dateModified\":\"2026-04-07T11:06:11+00:00\",\"description\":\"\u00danase a Anvil Alloys LTD y crezca su carrera con un fabricante l\u00edder de aleaci\u00f3n de aluminio 5038 en UK. Vea nuestras \u00faltimas vacantes y postule.\",\"breadcrumb\":{\"@id\":\"https:\/\/www.anvil-alloys.com\/es\/careers\/#breadcrumb\"},\"inLanguage\":\"es\",\"potentialAction\":[{\"@type\":\"ReadAction\",\"target\":[\"https:\/\/www.anvil-alloys.com\/es\/careers\/\"]}]},{\"@type\":\"BreadcrumbList\",\"@id\":\"https:\/\/www.anvil-alloys.com\/es\/careers\/#breadcrumb\",\"itemListElement\":[{\"@type\":\"ListItem\",\"position\":1,\"name\":\"Home\",\"item\":\"https:\/\/www.anvil-alloys.com\/es\/\"},{\"@type\":\"ListItem\",\"position\":2,\"name\":\"Careers\"}]},{\"@type\":\"WebSite\",\"@id\":\"https:\/\/www.anvil-alloys.com\/#website\",\"url\":\"https:\/\/www.anvil-alloys.com\/\",\"name\":\"Anvil Alloys Ltd\",\"description\":\"\",\"publisher\":{\"@id\":\"https:\/\/www.anvil-alloys.com\/#organization\"},\"potentialAction\":[{\"@type\":\"SearchAction\",\"target\":{\"@type\":\"EntryPoint\",\"urlTemplate\":\"https:\/\/www.anvil-alloys.com\/?s={search_term_string}\"},\"query-input\":{\"@type\":\"PropertyValueSpecification\",\"valueRequired\":true,\"valueName\":\"search_term_string\"}}],\"inLanguage\":\"es\"},{\"@type\":\"Organization\",\"@id\":\"https:\/\/www.anvil-alloys.com\/#organization\",\"name\":\"Anvil Alloys Ltd\",\"url\":\"https:\/\/www.anvil-alloys.com\/\",\"logo\":{\"@type\":\"ImageObject\",\"inLanguage\":\"es\",\"@id\":\"https:\/\/www.anvil-alloys.com\/#\/schema\/logo\/image\/\",\"url\":\"https:\/\/www.anvil-alloys.com\/wp-content\/uploads\/2024\/10\/Anvil-Logo.svg\",\"contentUrl\":\"https:\/\/www.anvil-alloys.com\/wp-content\/uploads\/2024\/10\/Anvil-Logo.svg\",\"width\":325,\"height\":45,\"caption\":\"Anvil Alloys Ltd\"},\"image\":{\"@id\":\"https:\/\/www.anvil-alloys.com\/#\/schema\/logo\/image\/\"},\"sameAs\":[\"https:\/\/www.linkedin.com\/company\/anvilalloys\/\"]}]}<\/script>\n<!-- \/ Yoast SEO plugin. -->","yoast_head_json":{"title":"Carreras | Trabajos Fabricantes Tubos Aluminio UK","description":"\u00danase a Anvil Alloys LTD y crezca su carrera con un fabricante l\u00edder de aleaci\u00f3n de aluminio 5038 en UK. Vea nuestras \u00faltimas vacantes y postule.","robots":{"index":"index","follow":"follow","max-snippet":"max-snippet:-1","max-image-preview":"max-image-preview:large","max-video-preview":"max-video-preview:-1"},"canonical":"https:\/\/www.anvil-alloys.com\/es\/careers\/","og_locale":"es_ES","og_type":"article","og_title":"Carreras | Trabajos Fabricantes Tubos Aluminio UK","og_description":"\u00danase a Anvil Alloys LTD y crezca su carrera con un fabricante l\u00edder de aleaci\u00f3n de aluminio 5038 en UK. Vea nuestras \u00faltimas vacantes y postule.","og_url":"https:\/\/www.anvil-alloys.com\/es\/careers\/","og_site_name":"Anvil Alloys Ltd","article_modified_time":"2026-04-07T11:06:11+00:00","og_image":[{"width":1500,"height":1045,"url":"https:\/\/www.anvil-alloys.com\/wp-content\/uploads\/2024\/10\/Anvil-Alloys-share-image.jpg","type":"image\/jpeg"}],"twitter_card":"summary_large_image","schema":{"@context":"https:\/\/schema.org","@graph":[{"@type":"WebPage","@id":"https:\/\/www.anvil-alloys.com\/es\/careers\/","url":"https:\/\/www.anvil-alloys.com\/es\/careers\/","name":"Carreras | Trabajos Fabricantes Tubos Aluminio UK","isPartOf":{"@id":"https:\/\/www.anvil-alloys.com\/#website"},"datePublished":"2024-10-09T12:07:09+00:00","dateModified":"2026-04-07T11:06:11+00:00","description":"\u00danase a Anvil Alloys LTD y crezca su carrera con un fabricante l\u00edder de aleaci\u00f3n de aluminio 5038 en UK. Vea nuestras \u00faltimas vacantes y postule.","breadcrumb":{"@id":"https:\/\/www.anvil-alloys.com\/es\/careers\/#breadcrumb"},"inLanguage":"es","potentialAction":[{"@type":"ReadAction","target":["https:\/\/www.anvil-alloys.com\/es\/careers\/"]}]},{"@type":"BreadcrumbList","@id":"https:\/\/www.anvil-alloys.com\/es\/careers\/#breadcrumb","itemListElement":[{"@type":"ListItem","position":1,"name":"Home","item":"https:\/\/www.anvil-alloys.com\/es\/"},{"@type":"ListItem","position":2,"name":"Careers"}]},{"@type":"WebSite","@id":"https:\/\/www.anvil-alloys.com\/#website","url":"https:\/\/www.anvil-alloys.com\/","name":"Anvil Alloys Ltd","description":"","publisher":{"@id":"https:\/\/www.anvil-alloys.com\/#organization"},"potentialAction":[{"@type":"SearchAction","target":{"@type":"EntryPoint","urlTemplate":"https:\/\/www.anvil-alloys.com\/?s={search_term_string}"},"query-input":{"@type":"PropertyValueSpecification","valueRequired":true,"valueName":"search_term_string"}}],"inLanguage":"es"},{"@type":"Organization","@id":"https:\/\/www.anvil-alloys.com\/#organization","name":"Anvil Alloys Ltd","url":"https:\/\/www.anvil-alloys.com\/","logo":{"@type":"ImageObject","inLanguage":"es","@id":"https:\/\/www.anvil-alloys.com\/#\/schema\/logo\/image\/","url":"https:\/\/www.anvil-alloys.com\/wp-content\/uploads\/2024\/10\/Anvil-Logo.svg","contentUrl":"https:\/\/www.anvil-alloys.com\/wp-content\/uploads\/2024\/10\/Anvil-Logo.svg","width":325,"height":45,"caption":"Anvil Alloys Ltd"},"image":{"@id":"https:\/\/www.anvil-alloys.com\/#\/schema\/logo\/image\/"},"sameAs":["https:\/\/www.linkedin.com\/company\/anvilalloys\/"]}]}},"_links":{"self":[{"href":"https:\/\/www.anvil-alloys.com\/es\/wp-json\/wp\/v2\/pages\/985","targetHints":{"allow":["GET"]}}],"collection":[{"href":"https:\/\/www.anvil-alloys.com\/es\/wp-json\/wp\/v2\/pages"}],"about":[{"href":"https:\/\/www.anvil-alloys.com\/es\/wp-json\/wp\/v2\/types\/page"}],"author":[{"embeddable":true,"href":"https:\/\/www.anvil-alloys.com\/es\/wp-json\/wp\/v2\/users\/1"}],"replies":[{"embeddable":true,"href":"https:\/\/www.anvil-alloys.com\/es\/wp-json\/wp\/v2\/comments?post=985"}],"version-history":[{"count":1,"href":"https:\/\/www.anvil-alloys.com\/es\/wp-json\/wp\/v2\/pages\/985\/revisions"}],"predecessor-version":[{"id":1001,"href":"https:\/\/www.anvil-alloys.com\/es\/wp-json\/wp\/v2\/pages\/985\/revisions\/1001"}],"wp:attachment":[{"href":"https:\/\/www.anvil-alloys.com\/es\/wp-json\/wp\/v2\/media?parent=985"}],"curies":[{"name":"wp","href":"https:\/\/api.w.org\/{rel}","templated":true}]}}