{"id":971,"date":"2024-10-09T13:06:00","date_gmt":"2024-10-09T12:06:00","guid":{"rendered":"https:\/\/www.anvil-alloys.com\/home\/"},"modified":"2026-04-07T11:53:42","modified_gmt":"2026-04-07T10:53:42","slug":"home","status":"publish","type":"page","link":"https:\/\/www.anvil-alloys.com\/es\/","title":{"rendered":"Home"},"content":{"rendered":"","protected":false},"excerpt":{"rendered":"<p> [&#8230;]<\/p>\n<p><a class=\"btn btn-secondary understrap-read-more-link\" href=\"https:\/\/www.anvil-alloys.com\/es\/\">Read More&#8230;<span class=\"screen-reader-text\"> from Home<\/span><\/a><\/p>\n","protected":false},"author":1,"featured_media":0,"parent":0,"menu_order":0,"comment_status":"closed","ping_status":"closed","template":"page-templates\/homepage.php","meta":{"_acf_changed":false,"inline_featured_image":false,"footnotes":""},"class_list":["post-971","page","type-page","status-publish","hentry"],"acf":[],"yoast_head":"<!-- This site is optimized with the Yoast SEO plugin v27.2 - https:\/\/yoast.com\/product\/yoast-seo-wordpress\/ -->\n<title>Aluminio 5083 Proveedores UK | Anvil Alloys LTD<\/title>\n<meta name=\"description\" content=\"Proveedores l\u00edderes de aleaci\u00f3n de aluminio 5083 en UK. Contamos con tubos y accesorios de aluminio premium. Cont\u00e1ctenos para asesoramiento y presupuesto gratis\" \/>\n<meta name=\"robots\" content=\"index, follow, max-snippet:-1, max-image-preview:large, max-video-preview:-1\" \/>\n<link rel=\"canonical\" href=\"https:\/\/www.anvil-alloys.com\/es\/\" \/>\n<meta property=\"og:locale\" content=\"es_ES\" \/>\n<meta property=\"og:type\" content=\"article\" \/>\n<meta property=\"og:title\" content=\"Aluminio 5083 Proveedores UK | Anvil Alloys LTD\" \/>\n<meta property=\"og:description\" content=\"Proveedores l\u00edderes de aleaci\u00f3n de aluminio 5083 en UK. Contamos con tubos y accesorios de aluminio premium. Cont\u00e1ctenos para asesoramiento y presupuesto gratis\" \/>\n<meta property=\"og:url\" content=\"https:\/\/www.anvil-alloys.com\/es\/\" \/>\n<meta property=\"og:site_name\" content=\"Anvil Alloys Ltd\" \/>\n<meta property=\"article:modified_time\" content=\"2026-04-07T10:53:42+00:00\" \/>\n<meta property=\"og:image\" content=\"https:\/\/www.anvil-alloys.com\/wp-content\/uploads\/2024\/10\/Anvil-Alloys-share-image.jpg\" \/>\n\t<meta property=\"og:image:width\" content=\"1500\" \/>\n\t<meta property=\"og:image:height\" content=\"1045\" \/>\n\t<meta property=\"og:image:type\" content=\"image\/jpeg\" \/>\n<meta name=\"twitter:card\" content=\"summary_large_image\" \/>\n<script type=\"application\/ld+json\" class=\"yoast-schema-graph\">{\"@context\":\"https:\/\/schema.org\",\"@graph\":[{\"@type\":\"WebPage\",\"@id\":\"https:\/\/www.anvil-alloys.com\/es\/\",\"url\":\"https:\/\/www.anvil-alloys.com\/es\/\",\"name\":\"Aluminio 5083 Proveedores UK | Anvil Alloys LTD\",\"isPartOf\":{\"@id\":\"https:\/\/www.anvil-alloys.com\/#website\"},\"datePublished\":\"2024-10-09T12:06:00+00:00\",\"dateModified\":\"2026-04-07T10:53:42+00:00\",\"description\":\"Proveedores l\u00edderes de aleaci\u00f3n de aluminio 5083 en UK. Contamos con tubos y accesorios de aluminio premium. Cont\u00e1ctenos para asesoramiento y presupuesto gratis\",\"breadcrumb\":{\"@id\":\"https:\/\/www.anvil-alloys.com\/es\/#breadcrumb\"},\"inLanguage\":\"es\",\"potentialAction\":[{\"@type\":\"ReadAction\",\"target\":[\"https:\/\/www.anvil-alloys.com\/es\/\"]}]},{\"@type\":\"BreadcrumbList\",\"@id\":\"https:\/\/www.anvil-alloys.com\/es\/#breadcrumb\",\"itemListElement\":[{\"@type\":\"ListItem\",\"position\":1,\"name\":\"Home\",\"item\":\"https:\/\/www.anvil-alloys.com\/es\/\"},{\"@type\":\"ListItem\",\"position\":2,\"name\":\"Home\"}]},{\"@type\":\"WebSite\",\"@id\":\"https:\/\/www.anvil-alloys.com\/#website\",\"url\":\"https:\/\/www.anvil-alloys.com\/\",\"name\":\"Anvil Alloys Ltd\",\"description\":\"\",\"publisher\":{\"@id\":\"https:\/\/www.anvil-alloys.com\/#organization\"},\"potentialAction\":[{\"@type\":\"SearchAction\",\"target\":{\"@type\":\"EntryPoint\",\"urlTemplate\":\"https:\/\/www.anvil-alloys.com\/?s={search_term_string}\"},\"query-input\":{\"@type\":\"PropertyValueSpecification\",\"valueRequired\":true,\"valueName\":\"search_term_string\"}}],\"inLanguage\":\"es\"},{\"@type\":\"Organization\",\"@id\":\"https:\/\/www.anvil-alloys.com\/#organization\",\"name\":\"Anvil Alloys Ltd\",\"url\":\"https:\/\/www.anvil-alloys.com\/\",\"logo\":{\"@type\":\"ImageObject\",\"inLanguage\":\"es\",\"@id\":\"https:\/\/www.anvil-alloys.com\/#\/schema\/logo\/image\/\",\"url\":\"https:\/\/www.anvil-alloys.com\/wp-content\/uploads\/2024\/10\/Anvil-Logo.svg\",\"contentUrl\":\"https:\/\/www.anvil-alloys.com\/wp-content\/uploads\/2024\/10\/Anvil-Logo.svg\",\"width\":325,\"height\":45,\"caption\":\"Anvil Alloys Ltd\"},\"image\":{\"@id\":\"https:\/\/www.anvil-alloys.com\/#\/schema\/logo\/image\/\"},\"sameAs\":[\"https:\/\/www.linkedin.com\/company\/anvilalloys\/\"]}]}<\/script>\n<!-- \/ Yoast SEO plugin. -->","yoast_head_json":{"title":"Aluminio 5083 Proveedores UK | Anvil Alloys LTD","description":"Proveedores l\u00edderes de aleaci\u00f3n de aluminio 5083 en UK. Contamos con tubos y accesorios de aluminio premium. Cont\u00e1ctenos para asesoramiento y presupuesto gratis","robots":{"index":"index","follow":"follow","max-snippet":"max-snippet:-1","max-image-preview":"max-image-preview:large","max-video-preview":"max-video-preview:-1"},"canonical":"https:\/\/www.anvil-alloys.com\/es\/","og_locale":"es_ES","og_type":"article","og_title":"Aluminio 5083 Proveedores UK | Anvil Alloys LTD","og_description":"Proveedores l\u00edderes de aleaci\u00f3n de aluminio 5083 en UK. Contamos con tubos y accesorios de aluminio premium. Cont\u00e1ctenos para asesoramiento y presupuesto gratis","og_url":"https:\/\/www.anvil-alloys.com\/es\/","og_site_name":"Anvil Alloys Ltd","article_modified_time":"2026-04-07T10:53:42+00:00","og_image":[{"width":1500,"height":1045,"url":"https:\/\/www.anvil-alloys.com\/wp-content\/uploads\/2024\/10\/Anvil-Alloys-share-image.jpg","type":"image\/jpeg"}],"twitter_card":"summary_large_image","schema":{"@context":"https:\/\/schema.org","@graph":[{"@type":"WebPage","@id":"https:\/\/www.anvil-alloys.com\/es\/","url":"https:\/\/www.anvil-alloys.com\/es\/","name":"Aluminio 5083 Proveedores UK | Anvil Alloys LTD","isPartOf":{"@id":"https:\/\/www.anvil-alloys.com\/#website"},"datePublished":"2024-10-09T12:06:00+00:00","dateModified":"2026-04-07T10:53:42+00:00","description":"Proveedores l\u00edderes de aleaci\u00f3n de aluminio 5083 en UK. Contamos con tubos y accesorios de aluminio premium. Cont\u00e1ctenos para asesoramiento y presupuesto gratis","breadcrumb":{"@id":"https:\/\/www.anvil-alloys.com\/es\/#breadcrumb"},"inLanguage":"es","potentialAction":[{"@type":"ReadAction","target":["https:\/\/www.anvil-alloys.com\/es\/"]}]},{"@type":"BreadcrumbList","@id":"https:\/\/www.anvil-alloys.com\/es\/#breadcrumb","itemListElement":[{"@type":"ListItem","position":1,"name":"Home","item":"https:\/\/www.anvil-alloys.com\/es\/"},{"@type":"ListItem","position":2,"name":"Home"}]},{"@type":"WebSite","@id":"https:\/\/www.anvil-alloys.com\/#website","url":"https:\/\/www.anvil-alloys.com\/","name":"Anvil Alloys Ltd","description":"","publisher":{"@id":"https:\/\/www.anvil-alloys.com\/#organization"},"potentialAction":[{"@type":"SearchAction","target":{"@type":"EntryPoint","urlTemplate":"https:\/\/www.anvil-alloys.com\/?s={search_term_string}"},"query-input":{"@type":"PropertyValueSpecification","valueRequired":true,"valueName":"search_term_string"}}],"inLanguage":"es"},{"@type":"Organization","@id":"https:\/\/www.anvil-alloys.com\/#organization","name":"Anvil Alloys Ltd","url":"https:\/\/www.anvil-alloys.com\/","logo":{"@type":"ImageObject","inLanguage":"es","@id":"https:\/\/www.anvil-alloys.com\/#\/schema\/logo\/image\/","url":"https:\/\/www.anvil-alloys.com\/wp-content\/uploads\/2024\/10\/Anvil-Logo.svg","contentUrl":"https:\/\/www.anvil-alloys.com\/wp-content\/uploads\/2024\/10\/Anvil-Logo.svg","width":325,"height":45,"caption":"Anvil Alloys Ltd"},"image":{"@id":"https:\/\/www.anvil-alloys.com\/#\/schema\/logo\/image\/"},"sameAs":["https:\/\/www.linkedin.com\/company\/anvilalloys\/"]}]}},"_links":{"self":[{"href":"https:\/\/www.anvil-alloys.com\/es\/wp-json\/wp\/v2\/pages\/971","targetHints":{"allow":["GET"]}}],"collection":[{"href":"https:\/\/www.anvil-alloys.com\/es\/wp-json\/wp\/v2\/pages"}],"about":[{"href":"https:\/\/www.anvil-alloys.com\/es\/wp-json\/wp\/v2\/types\/page"}],"author":[{"embeddable":true,"href":"https:\/\/www.anvil-alloys.com\/es\/wp-json\/wp\/v2\/users\/1"}],"replies":[{"embeddable":true,"href":"https:\/\/www.anvil-alloys.com\/es\/wp-json\/wp\/v2\/comments?post=971"}],"version-history":[{"count":1,"href":"https:\/\/www.anvil-alloys.com\/es\/wp-json\/wp\/v2\/pages\/971\/revisions"}],"predecessor-version":[{"id":973,"href":"https:\/\/www.anvil-alloys.com\/es\/wp-json\/wp\/v2\/pages\/971\/revisions\/973"}],"wp:attachment":[{"href":"https:\/\/www.anvil-alloys.com\/es\/wp-json\/wp\/v2\/media?parent=971"}],"curies":[{"name":"wp","href":"https:\/\/api.w.org\/{rel}","templated":true}]}}